{"id":10,"date":"2021-03-17T22:45:20","date_gmt":"2021-03-17T22:45:20","guid":{"rendered":"https:\/\/paraguaypora.org\/?page_id=10"},"modified":"2021-03-18T16:52:16","modified_gmt":"2021-03-18T16:52:16","slug":"mision-y-vision","status":"publish","type":"page","link":"https:\/\/paraguaypora.org\/index.php\/mision-y-vision\/","title":{"rendered":"Misi\u00f3n y Visi\u00f3n"},"content":{"rendered":"\n<h2 class=\"wp-block-heading\"><strong>Misi\u00f3n<\/strong><\/h2>\n\n\n\n<p style=\"font-size:17px\">Mejorar las condiciones de vida de las familias m\u00e1s vulnerables a trav\u00e9s de otorgarles de una vivienda digna, salud, educaci\u00f3n, trabajo, ejecuci\u00f3n de proyectos productivos para la sostenibilidad, asistencia y capacitaci\u00f3n, a trav\u00e9s del impulso socioecon\u00f3mico y productivo que asegurare el sustento digno de las familias.<\/p>\n\n\n\n<h2 class=\"wp-block-heading\"><strong>Visi\u00f3n<\/strong><\/h2>\n\n\n\n<p style=\"font-size:17px\">Apoyar a las familias en situaci\u00f3n de vulnerabilidad y familias de comunidades de pueblos originarios con proyectos para mejorar sus condiciones de vida acompa\u00f1ado de obras de infraestructura y proyectos productivos para la sostenibilidad. Capacitaci\u00f3n y asistencia integral para cada proyecto.<\/p>\n","protected":false},"excerpt":{"rendered":"<p>Misi\u00f3n Mejorar las condiciones de vida de las familias m\u00e1s vulnerables a trav\u00e9s de otorgarles de una vivienda digna, salud, educaci\u00f3n, trabajo, ejecuci\u00f3n de proyectos productivos para la sostenibilidad, asistencia y capacitaci\u00f3n, a trav\u00e9s del impulso socioecon\u00f3mico y productivo que <a href=\"https:\/\/paraguaypora.org\/index.php\/mision-y-vision\/\" class=\"read-more\">Leer m\u00e1s&#8230;<\/a><\/p>\n","protected":false},"author":1,"featured_media":0,"parent":0,"menu_order":0,"comment_status":"closed","ping_status":"closed","template":"","meta":{"footnotes":""},"class_list":["post-10","page","type-page","status-publish","hentry"],"_links":{"self":[{"href":"https:\/\/paraguaypora.org\/index.php\/wp-json\/wp\/v2\/pages\/10","targetHints":{"allow":["GET"]}}],"collection":[{"href":"https:\/\/paraguaypora.org\/index.php\/wp-json\/wp\/v2\/pages"}],"about":[{"href":"https:\/\/paraguaypora.org\/index.php\/wp-json\/wp\/v2\/types\/page"}],"author":[{"embeddable":true,"href":"https:\/\/paraguaypora.org\/index.php\/wp-json\/wp\/v2\/users\/1"}],"replies":[{"embeddable":true,"href":"https:\/\/paraguaypora.org\/index.php\/wp-json\/wp\/v2\/comments?post=10"}],"version-history":[{"count":2,"href":"https:\/\/paraguaypora.org\/index.php\/wp-json\/wp\/v2\/pages\/10\/revisions"}],"predecessor-version":[{"id":186,"href":"https:\/\/paraguaypora.org\/index.php\/wp-json\/wp\/v2\/pages\/10\/revisions\/186"}],"wp:attachment":[{"href":"https:\/\/paraguaypora.org\/index.php\/wp-json\/wp\/v2\/media?parent=10"}],"curies":[{"name":"wp","href":"https:\/\/api.w.org\/{rel}","templated":true}]}}