{"id":324,"date":"2021-04-08T11:29:04","date_gmt":"2021-04-08T11:29:04","guid":{"rendered":"https:\/\/paraguaypora.org\/?page_id=324"},"modified":"2021-04-08T11:29:05","modified_gmt":"2021-04-08T11:29:05","slug":"noticias","status":"publish","type":"page","link":"https:\/\/paraguaypora.org\/index.php\/noticias\/","title":{"rendered":"Noticias"},"content":{"rendered":"<section class=\"widget widget_flex-posts-list\"><div class=\"fp-list-4\">\n\n\t\n\t\t\n\t\t<div class=\"fp-post fp-flex\">\n\t\t\t\t\t<div class=\"fp-media\">\n\t\t\t<a class=\"fp-thumbnail\" href=\"https:\/\/paraguaypora.org\/index.php\/2022\/04\/28\/visita-a-beneficiarios-del-programa-social-de-paraguay-pora-orgpalada-inicial-al-proyecto-de-la-comunidad-indigena-ache-chupapou\/\">\n\t\t\t\t\t\t\t\t\t<img loading=\"lazy\" decoding=\"async\" width=\"400\" height=\"250\" src=\"https:\/\/paraguaypora.org\/wp-content\/uploads\/2022\/04\/WhatsApp-Image-2022-04-27-at-7.05.10-PM3-400x250.jpeg\" class=\"attachment-400x250-crop size-400x250-crop wp-post-image\" alt=\"\" \/>\t\t\t\t\t\t\t<\/a>\n\t\t\t\t\t<\/div>\n\t\t\n\t\t\t<div class=\"fp-body\">\n\t\t\t\t\n\t\t\t\t\t\t<h4 class=\"fp-title\">\n\t\t\t<a href=\"https:\/\/paraguaypora.org\/index.php\/2022\/04\/28\/visita-a-beneficiarios-del-programa-social-de-paraguay-pora-orgpalada-inicial-al-proyecto-de-la-comunidad-indigena-ache-chupapou\/\">Visita a Beneficiarios del programa social de \u201cparaguay Por\u00e3.org\u201d<br>palada inicial al proyecto de la comunidad ind\u00edgena Ache Chupapou.<\/a>\n\t\t<\/h4>\n\t\t\n\t\t\t\t<div class=\"fp-meta\">\n\t\t\t\t\t\t\t<span class=\"fp-date\">\n\t\t\t<a href=\"https:\/\/paraguaypora.org\/index.php\/2022\/04\/28\/visita-a-beneficiarios-del-programa-social-de-paraguay-pora-orgpalada-inicial-al-proyecto-de-la-comunidad-indigena-ache-chupapou\/\" rel=\"bookmark\">\n\t\t\t\t<time class=\"entry-date published\" datetime=\"2022-04-28T22:45:48+00:00\">\n\t\t\t\t\tabril 28, 2022\t\t\t\t<\/time>\n\t\t\t<\/a>\n\t\t<\/span>\n\t\t\t\t\t\t<\/div>\n\n\t\t\t\t\t\t\t\t\t<div class=\"fp-excerpt\"><\/div>\n\t\t\t\t\n\t\t\t\t\t\t\t\t\t<div class=\"fp-readmore\">\n\t\t\t\t\t\t<a href=\"https:\/\/paraguaypora.org\/index.php\/2022\/04\/28\/visita-a-beneficiarios-del-programa-social-de-paraguay-pora-orgpalada-inicial-al-proyecto-de-la-comunidad-indigena-ache-chupapou\/\" class=\"fp-readmore-link\">Seguir leyendo<\/a>\n\t\t\t\t\t<\/div>\n\t\t\t\t\t\t\t<\/div>\n\t\t<\/div>\n\n\t\n\t\t\n\t\t<div class=\"fp-post fp-flex\">\n\t\t\t\t\t<div class=\"fp-media\">\n\t\t\t<a class=\"fp-thumbnail\" href=\"https:\/\/paraguaypora.org\/index.php\/2021\/08\/06\/convenio-marco-de-cooperacion-mutua-entre-las-fundaciones-paraguay-pora-org-y-boton-amarillo\/\">\n\t\t\t\t\t\t\t\t\t<img loading=\"lazy\" decoding=\"async\" width=\"400\" height=\"250\" src=\"https:\/\/paraguaypora.org\/wp-content\/uploads\/2021\/08\/53cb4303-b098-4701-ad11-8190ed82e5fe-400x250.jpg\" class=\"attachment-400x250-crop size-400x250-crop wp-post-image\" alt=\"\" \/>\t\t\t\t\t\t\t<\/a>\n\t\t\t\t\t<\/div>\n\t\t\n\t\t\t<div class=\"fp-body\">\n\t\t\t\t\n\t\t\t\t\t\t<h4 class=\"fp-title\">\n\t\t\t<a href=\"https:\/\/paraguaypora.org\/index.php\/2021\/08\/06\/convenio-marco-de-cooperacion-mutua-entre-las-fundaciones-paraguay-pora-org-y-boton-amarillo\/\">Convenio Marco de cooperaci\u00f3n mutua entre las Fundaciones: Paraguay Por\u00e3.org y Bot\u00f3n Amarillo<\/a>\n\t\t<\/h4>\n\t\t\n\t\t\t\t<div class=\"fp-meta\">\n\t\t\t\t\t\t\t<span class=\"fp-date\">\n\t\t\t<a href=\"https:\/\/paraguaypora.org\/index.php\/2021\/08\/06\/convenio-marco-de-cooperacion-mutua-entre-las-fundaciones-paraguay-pora-org-y-boton-amarillo\/\" rel=\"bookmark\">\n\t\t\t\t<time class=\"entry-date published\" datetime=\"2021-08-06T12:37:20+00:00\">\n\t\t\t\t\tagosto 6, 2021\t\t\t\t<\/time>\n\t\t\t<\/a>\n\t\t<\/span>\n\t\t\t\t\t\t<\/div>\n\n\t\t\t\t\t\t\t\t\t<div class=\"fp-excerpt\">El lunes 02\/08\/2021, se procedi\u00f3 a la firma de un Convenio Marco de cooperaci\u00f3n mutua entre las Fundaciones: Paraguay Por\u00e3.org y Bot\u00f3n Amarillo. Podes ingresar a la Pagina de Boton amarillo haciendo click en Fundaci\u00f3n Bot\u00f3n Amarillo<\/div>\n\t\t\t\t\n\t\t\t\t\t\t\t\t\t<div class=\"fp-readmore\">\n\t\t\t\t\t\t<a href=\"https:\/\/paraguaypora.org\/index.php\/2021\/08\/06\/convenio-marco-de-cooperacion-mutua-entre-las-fundaciones-paraguay-pora-org-y-boton-amarillo\/\" class=\"fp-readmore-link\">Seguir leyendo<\/a>\n\t\t\t\t\t<\/div>\n\t\t\t\t\t\t\t<\/div>\n\t\t<\/div>\n\n\t\n\t\t\n\t\t<div class=\"fp-post fp-flex\">\n\t\t\t\t\t<div class=\"fp-media\">\n\t\t\t<a class=\"fp-thumbnail\" href=\"https:\/\/paraguaypora.org\/index.php\/2021\/03\/26\/reunion-de-directivos-paraguay-pora\/\">\n\t\t\t\t\t\t\t\t\t<img loading=\"lazy\" decoding=\"async\" width=\"400\" height=\"250\" src=\"https:\/\/paraguaypora.org\/wp-content\/uploads\/2021\/03\/c0ed5c5d-5b7f-4d69-ab80-8298ef2ffb32-400x250.jpeg\" class=\"attachment-400x250-crop size-400x250-crop wp-post-image\" alt=\"\" \/>\t\t\t\t\t\t\t<\/a>\n\t\t\t\t\t<\/div>\n\t\t\n\t\t\t<div class=\"fp-body\">\n\t\t\t\t\n\t\t\t\t\t\t<h4 class=\"fp-title\">\n\t\t\t<a href=\"https:\/\/paraguaypora.org\/index.php\/2021\/03\/26\/reunion-de-directivos-paraguay-pora\/\">Reuni\u00f3n de Directivos Paraguay Por\u00e3<\/a>\n\t\t<\/h4>\n\t\t\n\t\t\t\t<div class=\"fp-meta\">\n\t\t\t\t\t\t\t<span class=\"fp-date\">\n\t\t\t<a href=\"https:\/\/paraguaypora.org\/index.php\/2021\/03\/26\/reunion-de-directivos-paraguay-pora\/\" rel=\"bookmark\">\n\t\t\t\t<time class=\"entry-date published\" datetime=\"2021-03-26T15:14:24+00:00\">\n\t\t\t\t\tmarzo 26, 2021\t\t\t\t<\/time>\n\t\t\t<\/a>\n\t\t<\/span>\n\t\t\t\t\t\t<\/div>\n\n\t\t\t\t\t\t\t\t\t<div class=\"fp-excerpt\">Hoy viernes 26 de marzo de 2021, se reuni\u00f3 el comit\u00e9 ejecutivo de la fundaci\u00f3n para recibir los \u00faltimos informes sobre los avances conseguidos para el inicio de actividades de los proyectos.<\/div>\n\t\t\t\t\n\t\t\t\t\t\t\t\t\t<div class=\"fp-readmore\">\n\t\t\t\t\t\t<a href=\"https:\/\/paraguaypora.org\/index.php\/2021\/03\/26\/reunion-de-directivos-paraguay-pora\/\" class=\"fp-readmore-link\">Seguir leyendo<\/a>\n\t\t\t\t\t<\/div>\n\t\t\t\t\t\t\t<\/div>\n\t\t<\/div>\n\n\t\n<\/div>\n<\/section>","protected":false},"excerpt":{"rendered":"","protected":false},"author":1,"featured_media":0,"parent":0,"menu_order":0,"comment_status":"closed","ping_status":"closed","template":"","meta":{"footnotes":""},"class_list":["post-324","page","type-page","status-publish","hentry"],"_links":{"self":[{"href":"https:\/\/paraguaypora.org\/index.php\/wp-json\/wp\/v2\/pages\/324","targetHints":{"allow":["GET"]}}],"collection":[{"href":"https:\/\/paraguaypora.org\/index.php\/wp-json\/wp\/v2\/pages"}],"about":[{"href":"https:\/\/paraguaypora.org\/index.php\/wp-json\/wp\/v2\/types\/page"}],"author":[{"embeddable":true,"href":"https:\/\/paraguaypora.org\/index.php\/wp-json\/wp\/v2\/users\/1"}],"replies":[{"embeddable":true,"href":"https:\/\/paraguaypora.org\/index.php\/wp-json\/wp\/v2\/comments?post=324"}],"version-history":[{"count":1,"href":"https:\/\/paraguaypora.org\/index.php\/wp-json\/wp\/v2\/pages\/324\/revisions"}],"predecessor-version":[{"id":325,"href":"https:\/\/paraguaypora.org\/index.php\/wp-json\/wp\/v2\/pages\/324\/revisions\/325"}],"wp:attachment":[{"href":"https:\/\/paraguaypora.org\/index.php\/wp-json\/wp\/v2\/media?parent=324"}],"curies":[{"name":"wp","href":"https:\/\/api.w.org\/{rel}","templated":true}]}}