{"id":58,"date":"2021-03-17T23:58:56","date_gmt":"2021-03-17T23:58:56","guid":{"rendered":"https:\/\/paraguaypora.org\/?page_id=58"},"modified":"2024-07-19T16:47:34","modified_gmt":"2024-07-19T16:47:34","slug":"58-2","status":"publish","type":"page","link":"https:\/\/paraguaypora.org\/","title":{"rendered":""},"content":{"rendered":"\t\t<div data-elementor-type=\"wp-page\" data-elementor-id=\"58\" class=\"elementor elementor-58\" data-elementor-settings=\"[]\">\n\t\t\t\t\t\t\t<div class=\"elementor-section-wrap\">\n\t\t\t\t\t\t\t<section class=\"elementor-section elementor-top-section elementor-element elementor-element-ceec6b5 elementor-section-boxed elementor-section-height-default elementor-section-height-default\" data-id=\"ceec6b5\" data-element_type=\"section\">\n\t\t\t\t\t\t<div class=\"elementor-container elementor-column-gap-default\">\n\t\t\t\t\t<div class=\"elementor-column elementor-col-100 elementor-top-column elementor-element elementor-element-9c23815\" data-id=\"9c23815\" data-element_type=\"column\">\n\t\t\t<div class=\"elementor-widget-wrap\">\n\t\t\t\t\t\t\t\t\t<\/div>\n\t\t<\/div>\n\t\t\t\t\t\t\t<\/div>\n\t\t<\/section>\n\t\t\t\t<section class=\"elementor-section elementor-top-section elementor-element elementor-element-17598242 elementor-section-boxed elementor-section-height-default elementor-section-height-default\" data-id=\"17598242\" data-element_type=\"section\">\n\t\t\t\t\t\t<div class=\"elementor-container elementor-column-gap-default\">\n\t\t\t\t\t<div class=\"elementor-column elementor-col-100 elementor-top-column elementor-element elementor-element-4d6c3377\" data-id=\"4d6c3377\" data-element_type=\"column\">\n\t\t\t<div class=\"elementor-widget-wrap elementor-element-populated\">\n\t\t\t\t\t\t\t\t<section class=\"elementor-section elementor-inner-section elementor-element elementor-element-bc5ade2 elementor-section-boxed elementor-section-height-default elementor-section-height-default\" data-id=\"bc5ade2\" data-element_type=\"section\">\n\t\t\t\t\t\t<div class=\"elementor-container elementor-column-gap-default\">\n\t\t\t\t\t<div class=\"elementor-column elementor-col-50 elementor-inner-column elementor-element elementor-element-07a9735\" data-id=\"07a9735\" data-element_type=\"column\">\n\t\t\t<div class=\"elementor-widget-wrap elementor-element-populated\">\n\t\t\t\t\t\t\t\t<div class=\"elementor-element elementor-element-1f70f34 elementor-view-default elementor-widget elementor-widget-icon\" data-id=\"1f70f34\" data-element_type=\"widget\" data-widget_type=\"icon.default\">\n\t\t\t\t<div class=\"elementor-widget-container\">\n\t\t\t\t\t<div class=\"elementor-icon-wrapper\">\n\t\t\t<div class=\"elementor-icon\">\n\t\t\t<i aria-hidden=\"true\" class=\"fas fa-info-circle\"><\/i>\t\t\t<\/div>\n\t\t<\/div>\n\t\t\t\t<\/div>\n\t\t\t\t<\/div>\n\t\t\t\t\t<\/div>\n\t\t<\/div>\n\t\t\t\t<div class=\"elementor-column elementor-col-50 elementor-inner-column elementor-element elementor-element-3e7ba8f\" data-id=\"3e7ba8f\" data-element_type=\"column\">\n\t\t\t<div class=\"elementor-widget-wrap elementor-element-populated\">\n\t\t\t\t\t\t\t\t<div class=\"elementor-element elementor-element-436d7dd elementor-widget elementor-widget-heading\" data-id=\"436d7dd\" data-element_type=\"widget\" data-widget_type=\"heading.default\">\n\t\t\t\t<div class=\"elementor-widget-container\">\n\t\t\t<h5 class=\"elementor-heading-title elementor-size-default\">Paraguay Por\u00e3.org avisa que la fundaci\u00f3n NO AUTORIZA a ninguna persona f\u00edsica ni jur\u00eddica como asociaciones, cooperativas y otros a que en nombre de la fundaci\u00f3n recaude dinero en concepto de inscripci\u00f3n o cuota social para pertenecer a alguna lista de futuros beneficiarios a los programas que tenemos proyectados y solicitamos que si llegan personas hasta uds. con este tipo de pedidos hagan su denuncia al n\u00famero que aparece en la presente p\u00e1gina.<\/h5>\t\t<\/div>\n\t\t\t\t<\/div>\n\t\t\t\t\t<\/div>\n\t\t<\/div>\n\t\t\t\t\t\t\t<\/div>\n\t\t<\/section>\n\t\t\t\t<div class=\"elementor-element elementor-element-d1962c4 elementor-widget-divider--view-line elementor-widget elementor-widget-divider\" data-id=\"d1962c4\" data-element_type=\"widget\" data-widget_type=\"divider.default\">\n\t\t\t\t<div class=\"elementor-widget-container\">\n\t\t\t\t\t<div class=\"elementor-divider\">\n\t\t\t<span class=\"elementor-divider-separator\">\n\t\t\t\t\t\t<\/span>\n\t\t<\/div>\n\t\t\t\t<\/div>\n\t\t\t\t<\/div>\n\t\t\t\t<div class=\"elementor-element elementor-element-fdb09b9 elementor-widget elementor-widget-heading\" data-id=\"fdb09b9\" data-element_type=\"widget\" data-widget_type=\"heading.default\">\n\t\t\t\t<div class=\"elementor-widget-container\">\n\t\t\t<h1 class=\"elementor-heading-title elementor-size-medium\"><u>COMUNICADO<\/u> <u>A LA OPINION PUBLICA<\/u><br>\nPOR ESTE MEDIO COMUNICAMOS A LA OPINION PUBLICA EN\nGENERAL QUE LA ORG. PARAGUAY PORA DE LA REPUBLICA DEL\nPARAGUAY NO EMITE NI EMITIO NINGUN TIPO DE FACTURAS\nELECTRONICAS ESPECIFICAMENTE EN LA MODALIDAD DE\nINVOICE PARA NINGUNA PLATAFORMA DE PAGO SEA ESTA\nNACIONAL O INTERNACIONAL. ----\n<br>SE REALIZA ESTA ACLARACION PARA EVITAR QUE CUALQUIER\nPERSONA U ORGANIZACI\u00d3N DE FORMA INESCRUPULOSA\nPRETENDAN DA\u00d1AR LA IMAGEN Y EL BUEN NOMBRE DE LA\nORGANIZACI\u00d3N AL TIEMPO DE DESLINAR TODA\nRESPONSABILIDAD QUE ELLA PUEDA OCASIONAR\nRESERVANDONOS EL DERECHO DE RECURRIR A INSTANCIAS\nCORRESPONDIENTES A FIN DE SALVAGUARDAR EL BUEN\nNOMBRE DE ESTA ORGANIZACION. ---------\n<br>DESDE LA ORGANIZACI\u00d3N NO ESCATIMAREMOS ESFUERZOS\nPARA AVANZAR EN LOS PROYECTOS EN LOS CUALES ESTAMOS\nENFOCADOS. \u2013\n<br>ORG. PARAGUAY PORA\n<br>REPUBLICA DEL PARAGUAY<\/h1>\t\t<\/div>\n\t\t\t\t<\/div>\n\t\t\t\t<div class=\"elementor-element elementor-element-189f58bf elementor-widget elementor-widget-text-editor\" data-id=\"189f58bf\" data-element_type=\"widget\" data-widget_type=\"text-editor.default\">\n\t\t\t\t<div class=\"elementor-widget-container\">\n\t\t\t\t\t\t\t\t<p><!-- wp:media-text {\"mediaId\":145,\"mediaLink\":\"https:\/\/paraguaypora.org\/index.php\/58-2\/logo-1-1\/\",\"mediaType\":\"image\",\"mediaWidth\":32} --><\/p>\n<div class=\"wp-block-media-text alignwide is-stacked-on-mobile\" style=\"grid-template-columns: 32% auto;\">\n<figure class=\"wp-block-media-text__media\"><img loading=\"lazy\" decoding=\"async\" width=\"1024\" height=\"1010\" class=\"wp-image-145 size-full\" src=\"https:\/\/paraguaypora.org\/wp-content\/uploads\/2021\/03\/logo-1-1-1024x1010.png\" alt=\"\" srcset=\"https:\/\/paraguaypora.org\/wp-content\/uploads\/2021\/03\/logo-1-1-1024x1010.png 1024w, https:\/\/paraguaypora.org\/wp-content\/uploads\/2021\/03\/logo-1-1-300x296.png 300w, https:\/\/paraguaypora.org\/wp-content\/uploads\/2021\/03\/logo-1-1-768x758.png 768w, https:\/\/paraguaypora.org\/wp-content\/uploads\/2021\/03\/logo-1-1-1536x1515.png 1536w, https:\/\/paraguaypora.org\/wp-content\/uploads\/2021\/03\/logo-1-1-274x270.png 274w, https:\/\/paraguaypora.org\/wp-content\/uploads\/2021\/03\/logo-1-1.png 1632w\" sizes=\"auto, (max-width: 1024px) 100vw, 1024px\" \/><\/figure>\n<div class=\"wp-block-media-text__content\">\n<p><!-- wp:heading {\"textAlign\":\"right\"} --><\/p>\n<h2 class=\"has-text-align-right\">Nuestra actividad consiste en\u00a0<strong>promover el desarrollo econ\u00f3mico entre esas personas,<\/strong>\u00a0creando condiciones para que despu\u00e9s, este desarrollo\u00a0<strong>pueda crecer y sostenerse sin nuevas ayudas externas;<\/strong>\u00a0es decir, tratamos de facilitar que las familias incrementen sus ingresos de forma aut\u00f3noma y sostenible; y, de esa forma, permitir que tambi\u00e9n puedan mejorar en otros aspectos fundamentales de su vida: educaci\u00f3n, salud, condiciones materiales.<\/h2>\n<p><!-- \/wp:heading --><\/p>\n<\/div>\n<\/div>\n<p><!-- \/wp:media-text --><\/p>\n<p><!-- wp:separator --><\/p>\n<hr class=\"wp-block-separator\" \/>\n<p><!-- \/wp:separator --><\/p>\n<p><!-- wp:columns --><\/p>\n<div class=\"wp-block-columns\">\n<p><!-- wp:column {\"width\":\"100%\"} --><\/p>\n<div class=\"wp-block-column\" style=\"flex-basis: 100%;\">\n<p><!-- wp:cover {\"url\":\"https:\/\/paraguaypora.org\/wp-content\/uploads\/2021\/03\/18032021-0c993179-7c13-4b42-bfc3-0ba6925ac671-edited.jpg\",\"id\":152,\"dimRatio\":50,\"minHeight\":277,\"minHeightUnit\":\"px\",\"contentPosition\":\"center center\",\"isDark\":false,\"align\":\"center\"} --><\/p>\n<div class=\"wp-block-cover aligncenter is-light\" style=\"min-height: 277px;\">\n<p><img loading=\"lazy\" decoding=\"async\" width=\"819\" height=\"512\" class=\"wp-block-cover__image-background wp-image-152\" src=\"https:\/\/paraguaypora.org\/wp-content\/uploads\/2021\/03\/18032021-0c993179-7c13-4b42-bfc3-0ba6925ac671-edited.jpg\" alt=\"\" data-object-fit=\"cover\" srcset=\"https:\/\/paraguaypora.org\/wp-content\/uploads\/2021\/03\/18032021-0c993179-7c13-4b42-bfc3-0ba6925ac671-edited.jpg 819w, https:\/\/paraguaypora.org\/wp-content\/uploads\/2021\/03\/18032021-0c993179-7c13-4b42-bfc3-0ba6925ac671-edited-300x188.jpg 300w, https:\/\/paraguaypora.org\/wp-content\/uploads\/2021\/03\/18032021-0c993179-7c13-4b42-bfc3-0ba6925ac671-edited-768x480.jpg 768w, https:\/\/paraguaypora.org\/wp-content\/uploads\/2021\/03\/18032021-0c993179-7c13-4b42-bfc3-0ba6925ac671-edited-360x225.jpg 360w\" sizes=\"auto, (max-width: 819px) 100vw, 819px\" \/><\/p>\n<div class=\"wp-block-cover__inner-container\">\n<p><!-- wp:heading {\"textAlign\":\"center\",\"level\":1,\"style\":{\"typography\":{\"fontSize\":34}}} --><\/p>\n<h1 class=\"has-text-align-center\" style=\"font-size: 34px;\"><strong><span class=\"has-inline-color has-white-color\">Nuestro objetivo es centrarnos en el resultado.<\/span><\/strong><\/h1>\n<p><!-- \/wp:heading --><\/p>\n<\/div>\n<\/div>\n<p><!-- \/wp:cover --><\/p>\n<\/div>\n<p><!-- \/wp:column --><\/p>\n<\/div>\n<p><!-- \/wp:columns --><\/p>\n<p><!-- wp:columns --><\/p>\n<div class=\"wp-block-columns\">\n<p><!-- wp:column --><\/p>\n<div class=\"wp-block-column\">\n<p><!-- wp:media-text {\"mediaId\":162,\"mediaLink\":\"https:\/\/paraguaypora.org\/index.php\/58-2\/sin-titulo-2\/\",\"mediaType\":\"image\",\"mediaWidth\":24} --><\/p>\n<div class=\"wp-block-media-text alignwide is-stacked-on-mobile\" style=\"grid-template-columns: 24% auto;\">\n<figure class=\"wp-block-media-text__media\"><img loading=\"lazy\" decoding=\"async\" width=\"500\" height=\"500\" class=\"wp-image-162 size-full\" src=\"https:\/\/paraguaypora.org\/wp-content\/uploads\/2021\/03\/Sin-ti\u0301tulo-2.png\" alt=\"\" srcset=\"https:\/\/paraguaypora.org\/wp-content\/uploads\/2021\/03\/Sin-ti\u0301tulo-2.png 500w, https:\/\/paraguaypora.org\/wp-content\/uploads\/2021\/03\/Sin-ti\u0301tulo-2-300x300.png 300w, https:\/\/paraguaypora.org\/wp-content\/uploads\/2021\/03\/Sin-ti\u0301tulo-2-150x150.png 150w, https:\/\/paraguaypora.org\/wp-content\/uploads\/2021\/03\/Sin-ti\u0301tulo-2-270x270.png 270w\" sizes=\"auto, (max-width: 500px) 100vw, 500px\" \/><\/figure>\n<div class=\"wp-block-media-text__content\">\n<p><!-- wp:paragraph {\"placeholder\":\"Contenido\u2026\",\"fontSize\":\"large\"} --><\/p>\n<p class=\"has-large-font-size\">Nos mueve un sentimiento de solidaridad y compromiso hacia quienes m\u00e1s lo necesitan<\/p>\n<p><!-- \/wp:paragraph --><\/p>\n<\/div>\n<\/div>\n<p><!-- \/wp:media-text --><\/p>\n<\/div>\n<p><!-- \/wp:column --><\/p>\n<\/div>\n<p><!-- \/wp:columns --><\/p>\n<p><!-- wp:media-text {\"mediaId\":164,\"mediaLink\":\"https:\/\/paraguaypora.org\/index.php\/58-2\/attachment\/2\/\",\"mediaType\":\"image\",\"mediaWidth\":24} --><\/p>\n<div class=\"wp-block-media-text alignwide is-stacked-on-mobile\" style=\"grid-template-columns: 24% auto;\">\n<figure class=\"wp-block-media-text__media\"><img loading=\"lazy\" decoding=\"async\" width=\"500\" height=\"500\" class=\"wp-image-164 size-full\" src=\"https:\/\/paraguaypora.org\/wp-content\/uploads\/2021\/03\/2.png\" alt=\"\" srcset=\"https:\/\/paraguaypora.org\/wp-content\/uploads\/2021\/03\/2.png 500w, https:\/\/paraguaypora.org\/wp-content\/uploads\/2021\/03\/2-300x300.png 300w, https:\/\/paraguaypora.org\/wp-content\/uploads\/2021\/03\/2-150x150.png 150w, https:\/\/paraguaypora.org\/wp-content\/uploads\/2021\/03\/2-270x270.png 270w\" sizes=\"auto, (max-width: 500px) 100vw, 500px\" \/><\/figure>\n<div class=\"wp-block-media-text__content\">\n<p><!-- wp:paragraph {\"placeholder\":\"Contenido\u2026\",\"fontSize\":\"large\"} --><\/p>\n<p class=\"has-large-font-size\">Somos claros y confiables en las relaciones con las personas con las que trabajamos y con el resto de la sociedad<\/p>\n<p><!-- \/wp:paragraph --><\/p>\n<\/div>\n<\/div>\n<p><!-- \/wp:media-text --><\/p>\n<p><!-- wp:media-text {\"mediaId\":166,\"mediaLink\":\"https:\/\/paraguaypora.org\/index.php\/58-2\/attachment\/3\/\",\"mediaType\":\"image\",\"mediaWidth\":24} --><\/p>\n<div class=\"wp-block-media-text alignwide is-stacked-on-mobile\" style=\"grid-template-columns: 24% auto;\">\n<figure class=\"wp-block-media-text__media\"><img loading=\"lazy\" decoding=\"async\" width=\"500\" height=\"500\" class=\"wp-image-166 size-full\" src=\"https:\/\/paraguaypora.org\/wp-content\/uploads\/2021\/03\/3.png\" alt=\"\" srcset=\"https:\/\/paraguaypora.org\/wp-content\/uploads\/2021\/03\/3.png 500w, https:\/\/paraguaypora.org\/wp-content\/uploads\/2021\/03\/3-300x300.png 300w, https:\/\/paraguaypora.org\/wp-content\/uploads\/2021\/03\/3-150x150.png 150w, https:\/\/paraguaypora.org\/wp-content\/uploads\/2021\/03\/3-270x270.png 270w\" sizes=\"auto, (max-width: 500px) 100vw, 500px\" \/><\/figure>\n<div class=\"wp-block-media-text__content\">\n<p><!-- wp:paragraph {\"placeholder\":\"Contenido\u2026\",\"fontSize\":\"large\"} --><\/p>\n<p class=\"has-large-font-size\">Creemos que es posible un futuro mejor a trav\u00e9s de la ayuda solidaria<\/p>\n<p><!-- \/wp:paragraph --><\/p>\n<\/div>\n<\/div>\n<p><!-- \/wp:media-text --><\/p>\t\t\t\t\t\t<\/div>\n\t\t\t\t<\/div>\n\t\t\t\t\t<\/div>\n\t\t<\/div>\n\t\t\t\t\t\t\t<\/div>\n\t\t<\/section>\n\t\t\t\t\t\t<\/div>\n\t\t\t\t\t<\/div>\n\t\t","protected":false},"excerpt":{"rendered":"<p>Paraguay Por\u00e3.org avisa que la fundaci\u00f3n NO AUTORIZA a ninguna persona f\u00edsica ni jur\u00eddica como asociaciones, cooperativas y otros a que en nombre de la fundaci\u00f3n recaude dinero en concepto de inscripci\u00f3n o cuota social para pertenecer a alguna lista <a href=\"https:\/\/paraguaypora.org\/\" class=\"read-more\">Leer m\u00e1s&#8230;<\/a><\/p>\n","protected":false},"author":1,"featured_media":0,"parent":0,"menu_order":0,"comment_status":"closed","ping_status":"closed","template":"","meta":{"footnotes":""},"class_list":["post-58","page","type-page","status-publish","hentry"],"_links":{"self":[{"href":"https:\/\/paraguaypora.org\/index.php\/wp-json\/wp\/v2\/pages\/58","targetHints":{"allow":["GET"]}}],"collection":[{"href":"https:\/\/paraguaypora.org\/index.php\/wp-json\/wp\/v2\/pages"}],"about":[{"href":"https:\/\/paraguaypora.org\/index.php\/wp-json\/wp\/v2\/types\/page"}],"author":[{"embeddable":true,"href":"https:\/\/paraguaypora.org\/index.php\/wp-json\/wp\/v2\/users\/1"}],"replies":[{"embeddable":true,"href":"https:\/\/paraguaypora.org\/index.php\/wp-json\/wp\/v2\/comments?post=58"}],"version-history":[{"count":33,"href":"https:\/\/paraguaypora.org\/index.php\/wp-json\/wp\/v2\/pages\/58\/revisions"}],"predecessor-version":[{"id":573,"href":"https:\/\/paraguaypora.org\/index.php\/wp-json\/wp\/v2\/pages\/58\/revisions\/573"}],"wp:attachment":[{"href":"https:\/\/paraguaypora.org\/index.php\/wp-json\/wp\/v2\/media?parent=58"}],"curies":[{"name":"wp","href":"https:\/\/api.w.org\/{rel}","templated":true}]}}